{"id":1643,"date":"2023-02-05T16:57:38","date_gmt":"2023-02-05T16:57:38","guid":{"rendered":"https:\/\/montpellier-uc-escrime.fr\/?page_id=1643"},"modified":"2024-08-12T18:08:07","modified_gmt":"2024-08-12T17:08:07","slug":"inscription","status":"publish","type":"page","link":"https:\/\/montpellier-uc-escrime.fr\/index.php\/inscription\/","title":{"rendered":"Inscription"},"content":{"rendered":"\n<p class=\"has-luminous-vivid-amber-color has-text-color has-large-font-size\">Je suis d\u00e9butant : de 7 \u00e0 99 ans<\/p>\n\n\n\n<p>Je d\u00e9couvre l&rsquo;escrime avec des fleurets m\u00e9talliques.<\/p>\n\n\n\n<p>Mon \u00e9quipement :<\/p>\n\n\n\n<ul class=\"wp-block-list\">\n<li>Masque (Location 20 \u20ac)<\/li>\n\n\n\n<li>Veste (Location 20 \u20ac)<\/li>\n\n\n\n<li>Pantalon (Location 20 \u20ac)<\/li>\n\n\n\n<li>Sous-cuirasse (Location 10\u20ac)<\/li>\n\n\n\n<li>Gant (Achat 25 \u20ac)<\/li>\n<\/ul>\n\n\n\n<p class=\"has-luminous-vivid-amber-color has-text-color has-large-font-size\">Je suis d\u00e9butant : Moins de 7 ans<\/p>\n\n\n\n<p>Je d\u00e9couvre l&rsquo;escrime avec des fleurets en plastique.<\/p>\n\n\n\n<p>Mon \u00e9quipement<\/p>\n\n\n\n<ul class=\"wp-block-list\">\n<li>Enti\u00e8rement pr\u00eat\u00e9<\/li>\n<\/ul>\n\n\n\n<p class=\"has-luminous-vivid-amber-color has-text-color has-large-font-size\">Je suis en deuxi\u00e8me ann\u00e9e<\/p>\n\n\n\n<p>Je me perfectionne \u00e0 l&rsquo;escrime.<\/p>\n\n\n\n<p>Je commence \u00e0 tirer \u00e0 l&rsquo;\u00e9lectrique.<\/p>\n\n\n\n<p>Mon \u00e9quipement : <\/p>\n\n\n\n<ul class=\"wp-block-list\">\n<li>Masque \/ Veste \/ Sous-cuirasse (Location ou achat)<\/li>\n\n\n\n<li>Pantalon (achat)<\/li>\n<\/ul>\n\n\n\n<p class=\"has-luminous-vivid-amber-color has-text-color has-large-font-size\">Je suis en troisi\u00e8me ann\u00e9e ou plus<\/p>\n\n\n\n<p>Je me perfectionne \u00e0 l&rsquo;escrime et\/ou je suis comp\u00e9titeur<\/p>\n\n\n\n<p>Mon \u00e9quipement : <\/p>\n\n\n\n<ul class=\"wp-block-list\">\n<li>Masque \/ Veste \/ Sous-cuirasse (Location ou achat)<\/li>\n\n\n\n<li>Pantalon (achat)<\/li>\n\n\n\n<li>Je commence \u00e0 m&rsquo;\u00e9quiper petit \u00e0 petit : Fleuret ou \u00e9p\u00e9e, fil de corps, cuirasse \u00e9lectrique, outils de r\u00e9paration<\/li>\n<\/ul>\n\n\n\n<p class=\"has-luminous-vivid-amber-color has-text-color has-large-font-size\">Je suis escrimeur artistique<\/p>\n\n\n\n<p>Je d\u00e9couvre ou je me perfectionne \u00e0 l&rsquo;escrime de spectacle.<\/p>\n\n\n\n<p>Mon \u00e9quipement : <\/p>\n\n\n\n<ul class=\"wp-block-list\">\n<li>Paire de gants (achat)<\/li>\n\n\n\n<li>Armes (pr\u00eat\u00e9es)<\/li>\n\n\n\n<li>S&rsquo;\u00e9quiper petit \u00e0 petit (Rapi\u00e8re, costumes etc&#8230;)<\/li>\n<\/ul>\n\n\n\n<p class=\"has-luminous-vivid-amber-color has-text-color has-large-font-size\">Certificat m\u00e9dical<\/p>\n\n\n\n<div class=\"wp-block-buttons is-layout-flex wp-block-buttons-is-layout-flex\">\n<div class=\"wp-block-button\"><a class=\"wp-block-button__link wp-element-button\" href=\"https:\/\/www.escrime-ffe.fr\/fr\/l-escrime\/s-inscrire\/certificats-medicaux-et-surclassements.html\" target=\"_blank\" rel=\"noreferrer noopener\">Pour une information plus d\u00e9taill\u00e9e, n&rsquo;h\u00e9sitez pas \u00e0 consulter le site de la f\u00e9d\u00e9ration en cliquant sur ce bouton<\/a><\/div>\n<\/div>\n\n\n\n<p class=\"has-luminous-vivid-orange-color has-text-color has-medium-font-size\">Pour les enfants mineurs <\/p>\n\n\n\n<p>Il n&rsquo;est plus n\u00e9cessaire d&rsquo;avoir un certificat m\u00e9dical pour obtenir et renouveler la licence. Seul un questionnaire doit \u00eatre rempli et une attestation remise en fonction des r\u00e9sultats du questionnaire.<\/p>\n\n\n\n<div class=\"wp-block-buttons is-layout-flex wp-block-buttons-is-layout-flex\">\n<div class=\"wp-block-button\"><a class=\"wp-block-button__link wp-element-button\" href=\"https:\/\/montpellier-uc-escrime.fr\/wp-content\/uploads\/2023\/07\/sportif-mineur.pdf\">T\u00e9l\u00e9charger le questionnaire pour les enfants mineurs<\/a><\/div>\n<\/div>\n\n\n\n<p>Surclassement (participation \u00e0 des comp\u00e9titions imm\u00e9diatement sup\u00e9rieures).<\/p>\n\n\n\n<div class=\"wp-block-buttons is-layout-flex wp-block-buttons-is-layout-flex\">\n<div class=\"wp-block-button\"><a class=\"wp-block-button__link wp-element-button\" href=\"https:\/\/montpellier-uc-escrime.fr\/wp-content\/uploads\/2023\/07\/simple-surclassement.pdf\">T\u00e9l\u00e9charger le certificat de simple surclassement<\/a><\/div>\n\n\n\n<div class=\"wp-block-button\"><a class=\"wp-block-button__link wp-element-button\" href=\"https:\/\/montpellier-uc-escrime.fr\/wp-content\/uploads\/2023\/07\/cm-simple-surclassement-M11-2-et-M13-1-20-21.pdf\">T\u00e9l\u00e9charger le certificat de simple surclassement M11\/M13<\/a><\/div>\n\n\n\n<div class=\"wp-block-button\"><a class=\"wp-block-button__link wp-element-button\" href=\"https:\/\/montpellier-uc-escrime.fr\/wp-content\/uploads\/2023\/07\/double-surclassement.pdf\">T\u00e9l\u00e9charger le certificat de double surclassement<\/a><\/div>\n<\/div>\n\n\n\n<p class=\"has-luminous-vivid-orange-color has-text-color has-medium-font-size\">Pour les personnes majeures non v\u00e9t\u00e9ran <\/p>\n\n\n\n<p>Il est n\u00e9cessaire d&rsquo;avoir un certificat m\u00e9dical de moins d&rsquo;un an pour obtenir la licence.<\/p>\n\n\n\n<div class=\"wp-block-buttons is-layout-flex wp-block-buttons-is-layout-flex\">\n<div class=\"wp-block-button\"><a class=\"wp-block-button__link wp-element-button\" href=\"https:\/\/montpellier-uc-escrime.fr\/wp-content\/uploads\/2023\/07\/standard.pdf\">T\u00e9l\u00e9charger le mod\u00e8le de certificat pour les personnes majeurs<\/a><\/div>\n<\/div>\n\n\n\n<p>Pour le renouvellement de la licence, il faut remplir l&rsquo;auto-questionnaire suivant, puis produire une attestation pour dire qu&rsquo;on a rempli les conditions du questionnaire.<\/p>\n\n\n\n<div class=\"wp-block-buttons is-layout-flex wp-block-buttons-is-layout-flex\">\n<div class=\"wp-block-button\"><a class=\"wp-block-button__link wp-element-button\" href=\"https:\/\/montpellier-uc-escrime.fr\/wp-content\/uploads\/2023\/07\/QS-Sport.pdf\">T\u00e9l\u00e9charger l&rsquo;auto-questionnaire pour les personnes majeures<\/a><\/div>\n<\/div>\n\n\n\n<p>Exemple d\u2019attention : <\/p>\n\n\n\n<p><em><strong>Je soussign\u00e9 M\/Mme [Pr\u00e9nom NOM] atteste avoir renseign\u00e9 le questionnaire de sant\u00e9 QSSPORT Cerfa N\u00b015699*01 et avoir r\u00e9pondu par la n\u00e9gative \u00e0 l\u2019ensemble des rubriques.<\/strong><\/em><\/p>\n\n\n\n<p><em><strong>Date et signature du sportif<\/strong><\/em><\/p>\n\n\n\n<p class=\"has-luminous-vivid-orange-color has-text-color has-medium-font-size\">Pour les v\u00e9t\u00e9rans (40-65 ans) <\/p>\n\n\n\n<p>Un certificat m\u00e9dical est requis tous les 3 ans, et un auto-questionnaire tous les ans.<\/p>\n\n\n\n<div class=\"wp-block-buttons is-layout-flex wp-block-buttons-is-layout-flex\">\n<div class=\"wp-block-button\"><a class=\"wp-block-button__link wp-element-button\" href=\"https:\/\/montpellier-uc-escrime.fr\/wp-content\/uploads\/2023\/07\/veterans.pdf\">T\u00e9l\u00e9charger le mod\u00e8le de certificat pour les v\u00e9t\u00e9rans<\/a><\/div>\n<\/div>\n\n\n\n<div class=\"wp-block-buttons is-layout-flex wp-block-buttons-is-layout-flex\">\n<div class=\"wp-block-button\"><a class=\"wp-block-button__link wp-element-button\" href=\"https:\/\/montpellier-uc-escrime.fr\/wp-content\/uploads\/2023\/07\/QS-Sport.pdf\">T\u00e9l\u00e9charger l&rsquo;auto-questionnaire pour les v\u00e9t\u00e9rans<\/a><\/div>\n<\/div>\n\n\n\n<p class=\"has-luminous-vivid-orange-color has-text-color has-medium-font-size\">Pour les v\u00e9t\u00e9rans de plus de 65 ans<\/p>\n\n\n\n<p>Le certificat m\u00e9dical pr\u00e9c\u00e9dent doit \u00eatre rempli tous les ans.<\/p>\n\n\n\n<p class=\"has-luminous-vivid-amber-color has-text-color has-link-color has-large-font-size wp-elements-059f72363c0fafaa42907f96cac18c40\">Autre pi\u00e8ces \u00e0 fournir<\/p>\n\n\n\n<ul class=\"wp-block-list\">\n<li>Photo d&rsquo;identit\u00e9 r\u00e9cente<\/li>\n\n\n\n<li>Photocopie carte \u00e9tudiant si n\u00e9cessaire<\/li>\n<\/ul>\n\n\n\n<div class=\"wp-block-buttons is-layout-flex wp-block-buttons-is-layout-flex\">\n<div class=\"wp-block-button\"><a class=\"wp-block-button__link wp-element-button\" href=\"https:\/\/montpellier-uc-escrime.fr\/wp-content\/uploads\/2024\/08\/Inscription_MUC_Escrime_2024-2025.pdf\">T\u00e9l\u00e9charger la fiche d&rsquo;inscription<\/a><\/div>\n<\/div>\n","protected":false},"excerpt":{"rendered":"<p>Je suis d\u00e9butant : de 7 \u00e0 99 ans Je d\u00e9couvre l&rsquo;escrime avec des fleurets m\u00e9talliques. Mon \u00e9quipement : Je suis d\u00e9butant : Moins de 7 ans Je d\u00e9couvre l&rsquo;escrime [&hellip;]<\/p>\n","protected":false},"author":1,"featured_media":0,"parent":0,"menu_order":0,"comment_status":"closed","ping_status":"closed","template":"","meta":{"om_disable_all_campaigns":false,"_monsterinsights_skip_tracking":false,"_monsterinsights_sitenote_active":false,"_monsterinsights_sitenote_note":"","_monsterinsights_sitenote_category":0,"_uf_show_specific_survey":0,"_uf_disable_surveys":false,"footnotes":""},"categories":[],"tags":[],"class_list":["post-1643","page","type-page","status-publish","hentry"],"aioseo_notices":[],"_links":{"self":[{"href":"https:\/\/montpellier-uc-escrime.fr\/index.php\/wp-json\/wp\/v2\/pages\/1643","targetHints":{"allow":["GET"]}}],"collection":[{"href":"https:\/\/montpellier-uc-escrime.fr\/index.php\/wp-json\/wp\/v2\/pages"}],"about":[{"href":"https:\/\/montpellier-uc-escrime.fr\/index.php\/wp-json\/wp\/v2\/types\/page"}],"author":[{"embeddable":true,"href":"https:\/\/montpellier-uc-escrime.fr\/index.php\/wp-json\/wp\/v2\/users\/1"}],"replies":[{"embeddable":true,"href":"https:\/\/montpellier-uc-escrime.fr\/index.php\/wp-json\/wp\/v2\/comments?post=1643"}],"version-history":[{"count":36,"href":"https:\/\/montpellier-uc-escrime.fr\/index.php\/wp-json\/wp\/v2\/pages\/1643\/revisions"}],"predecessor-version":[{"id":2568,"href":"https:\/\/montpellier-uc-escrime.fr\/index.php\/wp-json\/wp\/v2\/pages\/1643\/revisions\/2568"}],"wp:attachment":[{"href":"https:\/\/montpellier-uc-escrime.fr\/index.php\/wp-json\/wp\/v2\/media?parent=1643"}],"wp:term":[{"taxonomy":"category","embeddable":true,"href":"https:\/\/montpellier-uc-escrime.fr\/index.php\/wp-json\/wp\/v2\/categories?post=1643"},{"taxonomy":"post_tag","embeddable":true,"href":"https:\/\/montpellier-uc-escrime.fr\/index.php\/wp-json\/wp\/v2\/tags?post=1643"}],"curies":[{"name":"wp","href":"https:\/\/api.w.org\/{rel}","templated":true}]}}