{"id":1637,"date":"2023-02-05T16:55:08","date_gmt":"2023-02-05T16:55:08","guid":{"rendered":"https:\/\/montpellier-uc-escrime.fr\/?page_id=1637"},"modified":"2023-08-17T18:07:19","modified_gmt":"2023-08-17T17:07:19","slug":"horaires-des-cours","status":"publish","type":"page","link":"https:\/\/montpellier-uc-escrime.fr\/index.php\/horaires-des-cours\/","title":{"rendered":"Horaires des cours"},"content":{"rendered":"\n<div class=\"wp-block-group alignfull has-background is-layout-constrained wp-container-core-group-is-layout-21d5ddf1 wp-block-group-is-layout-constrained\" style=\"background-color:#041c2d;padding-top:var(--wp--preset--spacing--30);padding-right:var(--wp--preset--spacing--30);padding-bottom:var(--wp--preset--spacing--30);padding-left:var(--wp--preset--spacing--30)\">\n<figure class=\"wp-block-table alignfull\"><table class=\"has-border-color has-text-color has-fixed-layout\"><tbody><tr><td><mark style=\"background-color:rgba(0, 0, 0, 0)\" class=\"has-inline-color has-background-color\"><strong>Type entrainement<\/strong><\/mark><\/td><td><strong>\u00c2ge<\/strong><\/td><td><strong>Arme<\/strong><\/td><td><strong>Horaire<\/strong><\/td><\/tr><tr><td><mark style=\"background-color:rgba(0, 0, 0, 0);color:#fcb900\" class=\"has-inline-color\">Escrime sant\u00e9<\/mark><\/td><td><\/td><td><\/td><td><\/td><\/tr><tr><td>Cours unique<\/td><td>Tout \u00e2ge<\/td><td>SABRE<\/td><td>Mardi de 10h00 \u00e0 12h00<br>Jeudi de 10h00 \u00e0 12h00<\/td><\/tr><tr><td><mark style=\"background-color:rgba(0, 0, 0, 0);color:#fcb900\" class=\"has-inline-color\">Escrime sportive<\/mark><\/td><td><\/td><td><\/td><td><\/td><\/tr><tr><td>\u00c9cole d&rsquo;escrime <\/td><td>5 ans<\/td><td>FLEURET<\/td><td>Mercredi 10h15-11h00<\/td><\/tr><tr><td>\u00c9cole d&rsquo;escrime <\/td><td>Moins de 7 ans<\/td><td>FLEURET<\/td><td>Mercredi 11h00 \u00e0 12h00<\/td><\/tr><tr><td>\u00c9cole d&rsquo;escrime<\/td><td>Moins de 9 ans<\/td><td>FLEURET<\/td><td>Mercredi 15h00-16h30<\/td><\/tr><tr><td>\u00c9cole d&rsquo;escrime Perfectionnement<\/td><td>9 \u00e0 12 ans<\/td><td>FLEURET<\/td><td>Mercredi 17h30-19h00<br>Vendredi 17h30-19h00<\/td><\/tr><tr><td>\u00c9cole d&rsquo;escrime Perfectionnement<\/td><td>13 ans et plus<\/td><td>FLEURET<\/td><td>Mercredi 19h00-21h00<br>Vendredi 19h00-21h00<\/td><\/tr><tr><td>\u00c9cole d&rsquo;escrime D\u00c9BUTANT<\/td><td>7 \u00e0 9 ans<\/td><td>FLEURET <\/td><td>Lundi 17h30-18h30<br>Mercredi 14h00-15h00<\/td><\/tr><tr><td>\u00c9cole d&rsquo;escrime  D\u00c9BUTANT<\/td><td>10 ans et plus<\/td><td>FLEURET<\/td><td>Mercredi 16h30-18h00<\/td><\/tr><tr><td>\u00c9cole d&rsquo;escrime Perfectionnement <\/td><td>11 \u00e0 14 ans<\/td><td>\u00c9P\u00c9E<\/td><td>Mardi 17h30-19h00<br>Jeudi 17h30-19h00<\/td><\/tr><tr><td>Loisir D\u00c9BUTANT<\/td><td>15 ans et plus<\/td><td>\u00c9P\u00c9E<\/td><td>Jeudi 19h00-20h30<\/td><\/tr><tr><td>Loisir et comp\u00e9tition<\/td><td>15 ans et plus<\/td><td>\u00c9P\u00c9E<\/td><td>Mardi 19h00-22h00<br>Jeudi 19h00-22h00<br>Samedi 10h30-12h30<\/td><\/tr><tr><td>Entrainement physique comp\u00e9titeurs<\/td><td><\/td><td><\/td><td>Lundi 18h30-21h00<\/td><\/tr><tr><td><mark style=\"background-color:rgba(0, 0, 0, 0);color:#fcb900\" class=\"has-inline-color\">Escrime artistique et de spectacle<\/mark><\/td><td><\/td><td><\/td><td><\/td><\/tr><tr><td>D\u00e9butant<\/td><td>13 ans et plus<\/td><td>RAPI\u00c8RE<\/td><td>Lundi 18h30-20h00<\/td><\/tr><tr><td>Confirm\u00e9<\/td><td>13 ans et plus<\/td><td>RAPI\u00c8RE<\/td><td>Lundi 20h00-21h30<\/td><\/tr><tr><td><mark style=\"background-color:rgba(0, 0, 0, 0);color:#fcb900\" class=\"has-inline-color\">Escrime scolaire<\/mark><\/td><td><\/td><td><\/td><td><\/td><\/tr><tr><td>Merci de nous contacter<\/td><td><\/td><td><\/td><td>Lundi 9h00-11h30 et 13h15-16h15<br>Mardi 13h15-16h15<br>Jeudi 13h15-16h15<br>Vendredi 9h-11h30 et 13h15-16h15<\/td><\/tr><\/tbody><\/table><\/figure>\n\n\n\n<div class=\"wp-block-buttons is-content-justification-left is-layout-flex wp-container-core-buttons-is-layout-fc4fd283 wp-block-buttons-is-layout-flex\"><\/div>\n<\/div>\n\n\n\n<div class=\"wp-block-group is-layout-constrained wp-block-group-is-layout-constrained\">\n<p><\/p>\n<\/div>\n","protected":false},"excerpt":{"rendered":"<p>Type entrainement \u00c2ge Arme Horaire Escrime sant\u00e9 Cours unique Tout \u00e2ge SABRE Mardi de 10h00 \u00e0 12h00Jeudi de 10h00 \u00e0 12h00 Escrime sportive \u00c9cole d&rsquo;escrime 5 ans FLEURET Mercredi 10h15-11h00 [&hellip;]<\/p>\n","protected":false},"author":1,"featured_media":1659,"parent":0,"menu_order":0,"comment_status":"closed","ping_status":"closed","template":"","meta":{"om_disable_all_campaigns":false,"_monsterinsights_skip_tracking":false,"_monsterinsights_sitenote_active":false,"_monsterinsights_sitenote_note":"","_monsterinsights_sitenote_category":0,"_uf_show_specific_survey":0,"_uf_disable_surveys":false,"footnotes":""},"categories":[],"tags":[],"class_list":["post-1637","page","type-page","status-publish","has-post-thumbnail","hentry"],"aioseo_notices":[],"_links":{"self":[{"href":"https:\/\/montpellier-uc-escrime.fr\/index.php\/wp-json\/wp\/v2\/pages\/1637","targetHints":{"allow":["GET"]}}],"collection":[{"href":"https:\/\/montpellier-uc-escrime.fr\/index.php\/wp-json\/wp\/v2\/pages"}],"about":[{"href":"https:\/\/montpellier-uc-escrime.fr\/index.php\/wp-json\/wp\/v2\/types\/page"}],"author":[{"embeddable":true,"href":"https:\/\/montpellier-uc-escrime.fr\/index.php\/wp-json\/wp\/v2\/users\/1"}],"replies":[{"embeddable":true,"href":"https:\/\/montpellier-uc-escrime.fr\/index.php\/wp-json\/wp\/v2\/comments?post=1637"}],"version-history":[{"count":48,"href":"https:\/\/montpellier-uc-escrime.fr\/index.php\/wp-json\/wp\/v2\/pages\/1637\/revisions"}],"predecessor-version":[{"id":2445,"href":"https:\/\/montpellier-uc-escrime.fr\/index.php\/wp-json\/wp\/v2\/pages\/1637\/revisions\/2445"}],"wp:featuredmedia":[{"embeddable":true,"href":"https:\/\/montpellier-uc-escrime.fr\/index.php\/wp-json\/wp\/v2\/media\/1659"}],"wp:attachment":[{"href":"https:\/\/montpellier-uc-escrime.fr\/index.php\/wp-json\/wp\/v2\/media?parent=1637"}],"wp:term":[{"taxonomy":"category","embeddable":true,"href":"https:\/\/montpellier-uc-escrime.fr\/index.php\/wp-json\/wp\/v2\/categories?post=1637"},{"taxonomy":"post_tag","embeddable":true,"href":"https:\/\/montpellier-uc-escrime.fr\/index.php\/wp-json\/wp\/v2\/tags?post=1637"}],"curies":[{"name":"wp","href":"https:\/\/api.w.org\/{rel}","templated":true}]}}